{"id":850,"date":"2018-08-08T17:04:01","date_gmt":"2018-08-08T21:04:01","guid":{"rendered":"http:\/\/extinpasa.com.br\/v3\/?post_type=product&#038;p=850"},"modified":"2018-08-08T17:04:01","modified_gmt":"2018-08-08T21:04:01","slug":"oculos-spyder-incolor","status":"publish","type":"product","link":"https:\/\/extinpasa.com.br\/v3\/produto\/oculos-spyder-incolor\/","title":{"rendered":"\u00d3culos Spyder Incolor"},"content":{"rendered":"<p>\u00d3culos Spyder Incolor<\/p>\n<p>\u00d3culos de prote\u00e7\u00e3o para s\u00f3lidos com prote\u00e7\u00e3o de borracha.<\/p>\n","protected":false},"excerpt":{"rendered":"<p>\u00d3culos Spyder Incolor \u00d3culos de prote\u00e7\u00e3o para s\u00f3lidos com prote\u00e7\u00e3o de borracha.<\/p>\n","protected":false},"featured_media":851,"template":"","meta":{"_exactmetrics_skip_tracking":false,"_exactmetrics_sitenote_active":false,"_exactmetrics_sitenote_note":"","_exactmetrics_sitenote_category":0},"product_brand":[],"product_cat":[15],"product_tag":[],"class_list":{"0":"post-850","1":"product","2":"type-product","3":"status-publish","4":"has-post-thumbnail","6":"product_cat-outros","8":"first","9":"instock","10":"shipping-taxable","11":"product-type-simple"},"_links":{"self":[{"href":"https:\/\/extinpasa.com.br\/v3\/wp-json\/wp\/v2\/product\/850","targetHints":{"allow":["GET"]}}],"collection":[{"href":"https:\/\/extinpasa.com.br\/v3\/wp-json\/wp\/v2\/product"}],"about":[{"href":"https:\/\/extinpasa.com.br\/v3\/wp-json\/wp\/v2\/types\/product"}],"wp:featuredmedia":[{"embeddable":true,"href":"https:\/\/extinpasa.com.br\/v3\/wp-json\/wp\/v2\/media\/851"}],"wp:attachment":[{"href":"https:\/\/extinpasa.com.br\/v3\/wp-json\/wp\/v2\/media?parent=850"}],"wp:term":[{"taxonomy":"product_brand","embeddable":true,"href":"https:\/\/extinpasa.com.br\/v3\/wp-json\/wp\/v2\/product_brand?post=850"},{"taxonomy":"product_cat","embeddable":true,"href":"https:\/\/extinpasa.com.br\/v3\/wp-json\/wp\/v2\/product_cat?post=850"},{"taxonomy":"product_tag","embeddable":true,"href":"https:\/\/extinpasa.com.br\/v3\/wp-json\/wp\/v2\/product_tag?post=850"}],"curies":[{"name":"wp","href":"https:\/\/api.w.org\/{rel}","templated":true}]}}