{"id":372,"date":"2018-06-25T13:24:29","date_gmt":"2018-06-25T16:24:29","guid":{"rendered":"http:\/\/extinpasa.com.br\/v3\/produto\/canopla-p-splinger\/"},"modified":"2018-07-01T11:24:08","modified_gmt":"2018-07-01T15:24:08","slug":"canopla-p-splinger","status":"publish","type":"product","link":"https:\/\/extinpasa.com.br\/v3\/produto\/canopla-p-splinger\/","title":{"rendered":"CANOPLA P\/ SPRINKLER"},"content":{"rendered":"<p>Canopla para acabamento de instala\u00e7\u00f5es de Sprinklers.<\/p>\n<p>&nbsp;<\/p>\n<p>Ideal para utiliza\u00e7\u00e3o onde a rede de sprinkler fica acima do forro e bico fica aparente abaixo do forro.<\/p>\n","protected":false},"excerpt":{"rendered":"<p>Canopla para acabamento de instala\u00e7\u00f5es de Sprinklers. &nbsp; Ideal para utiliza\u00e7\u00e3o onde a rede de sprinkler fica acima do forro e bico fica aparente abaixo do forro.<\/p>\n","protected":false},"featured_media":829,"template":"","meta":{"_exactmetrics_skip_tracking":false,"_exactmetrics_sitenote_active":false,"_exactmetrics_sitenote_note":"","_exactmetrics_sitenote_category":0},"product_brand":[],"product_cat":[25],"product_tag":[],"class_list":{"0":"post-372","1":"product","2":"type-product","3":"status-publish","4":"has-post-thumbnail","6":"product_cat-acessorios-diversos","8":"first","9":"instock","10":"shipping-taxable","11":"product-type-simple"},"_links":{"self":[{"href":"https:\/\/extinpasa.com.br\/v3\/wp-json\/wp\/v2\/product\/372","targetHints":{"allow":["GET"]}}],"collection":[{"href":"https:\/\/extinpasa.com.br\/v3\/wp-json\/wp\/v2\/product"}],"about":[{"href":"https:\/\/extinpasa.com.br\/v3\/wp-json\/wp\/v2\/types\/product"}],"wp:featuredmedia":[{"embeddable":true,"href":"https:\/\/extinpasa.com.br\/v3\/wp-json\/wp\/v2\/media\/829"}],"wp:attachment":[{"href":"https:\/\/extinpasa.com.br\/v3\/wp-json\/wp\/v2\/media?parent=372"}],"wp:term":[{"taxonomy":"product_brand","embeddable":true,"href":"https:\/\/extinpasa.com.br\/v3\/wp-json\/wp\/v2\/product_brand?post=372"},{"taxonomy":"product_cat","embeddable":true,"href":"https:\/\/extinpasa.com.br\/v3\/wp-json\/wp\/v2\/product_cat?post=372"},{"taxonomy":"product_tag","embeddable":true,"href":"https:\/\/extinpasa.com.br\/v3\/wp-json\/wp\/v2\/product_tag?post=372"}],"curies":[{"name":"wp","href":"https:\/\/api.w.org\/{rel}","templated":true}]}}