{"id":362,"date":"2018-06-25T13:24:25","date_gmt":"2018-06-25T16:24:25","guid":{"rendered":"http:\/\/extinpasa.com.br\/v3\/produto\/boton-tecnico-seguranca-do-trabalho\/"},"modified":"2018-06-29T22:58:05","modified_gmt":"2018-06-30T02:58:05","slug":"boton-tecnico-seguranca-do-trabalho","status":"publish","type":"product","link":"https:\/\/extinpasa.com.br\/v3\/produto\/boton-tecnico-seguranca-do-trabalho\/","title":{"rendered":"BOTON TECNICO SEGURAN\u00c7A DO TRABALHO"},"content":{"rendered":"","protected":false},"excerpt":{"rendered":"<p>Boton de T\u00e9cnico de Seguran\u00e7a do Trabalho<\/p>\n<p>Tamb\u00e9m temos o modelo broche para fixa\u00e7\u00e3o<\/p>\n<p>Ideal para identifica\u00e7\u00e3o dos t\u00e9cnicos de seguran\u00e7a do trabalho do teu estabelecimento.<\/p>\n","protected":false},"featured_media":817,"template":"","meta":{"_exactmetrics_skip_tracking":false,"_exactmetrics_sitenote_active":false,"_exactmetrics_sitenote_note":"","_exactmetrics_sitenote_category":0},"product_brand":[],"product_cat":[25],"product_tag":[],"class_list":{"0":"post-362","1":"product","2":"type-product","3":"status-publish","4":"has-post-thumbnail","6":"product_cat-acessorios-diversos","8":"first","9":"instock","10":"shipping-taxable","11":"product-type-simple"},"_links":{"self":[{"href":"https:\/\/extinpasa.com.br\/v3\/wp-json\/wp\/v2\/product\/362","targetHints":{"allow":["GET"]}}],"collection":[{"href":"https:\/\/extinpasa.com.br\/v3\/wp-json\/wp\/v2\/product"}],"about":[{"href":"https:\/\/extinpasa.com.br\/v3\/wp-json\/wp\/v2\/types\/product"}],"wp:featuredmedia":[{"embeddable":true,"href":"https:\/\/extinpasa.com.br\/v3\/wp-json\/wp\/v2\/media\/817"}],"wp:attachment":[{"href":"https:\/\/extinpasa.com.br\/v3\/wp-json\/wp\/v2\/media?parent=362"}],"wp:term":[{"taxonomy":"product_brand","embeddable":true,"href":"https:\/\/extinpasa.com.br\/v3\/wp-json\/wp\/v2\/product_brand?post=362"},{"taxonomy":"product_cat","embeddable":true,"href":"https:\/\/extinpasa.com.br\/v3\/wp-json\/wp\/v2\/product_cat?post=362"},{"taxonomy":"product_tag","embeddable":true,"href":"https:\/\/extinpasa.com.br\/v3\/wp-json\/wp\/v2\/product_tag?post=362"}],"curies":[{"name":"wp","href":"https:\/\/api.w.org\/{rel}","templated":true}]}}