{"id":361,"date":"2018-06-25T13:24:24","date_gmt":"2018-06-25T16:24:24","guid":{"rendered":"http:\/\/extinpasa.com.br\/v3\/produto\/boton-de-cipa-seg-20mm\/"},"modified":"2018-06-29T22:55:38","modified_gmt":"2018-06-30T02:55:38","slug":"boton-de-cipa-seg-20mm","status":"publish","type":"product","link":"https:\/\/extinpasa.com.br\/v3\/produto\/boton-de-cipa-seg-20mm\/","title":{"rendered":"BOTON DE CIPA"},"content":{"rendered":"","protected":false},"excerpt":{"rendered":"<p>Boton de CIPA &#8211; Seguran\u00e7a do Trabalho<\/p>\n<p>Tamb\u00e9m temos o modelo broche para fixa\u00e7\u00e3o<\/p>\n<p>Ideal para identifica\u00e7\u00e3o dos membros integrantes da CIPA da sua edifica\u00e7\u00e3o.<\/p>\n","protected":false},"featured_media":818,"template":"","meta":{"_exactmetrics_skip_tracking":false,"_exactmetrics_sitenote_active":false,"_exactmetrics_sitenote_note":"","_exactmetrics_sitenote_category":0},"product_brand":[],"product_cat":[25],"product_tag":[],"class_list":{"0":"post-361","1":"product","2":"type-product","3":"status-publish","4":"has-post-thumbnail","6":"product_cat-acessorios-diversos","8":"first","9":"instock","10":"shipping-taxable","11":"product-type-simple"},"_links":{"self":[{"href":"https:\/\/extinpasa.com.br\/v3\/wp-json\/wp\/v2\/product\/361","targetHints":{"allow":["GET"]}}],"collection":[{"href":"https:\/\/extinpasa.com.br\/v3\/wp-json\/wp\/v2\/product"}],"about":[{"href":"https:\/\/extinpasa.com.br\/v3\/wp-json\/wp\/v2\/types\/product"}],"wp:featuredmedia":[{"embeddable":true,"href":"https:\/\/extinpasa.com.br\/v3\/wp-json\/wp\/v2\/media\/818"}],"wp:attachment":[{"href":"https:\/\/extinpasa.com.br\/v3\/wp-json\/wp\/v2\/media?parent=361"}],"wp:term":[{"taxonomy":"product_brand","embeddable":true,"href":"https:\/\/extinpasa.com.br\/v3\/wp-json\/wp\/v2\/product_brand?post=361"},{"taxonomy":"product_cat","embeddable":true,"href":"https:\/\/extinpasa.com.br\/v3\/wp-json\/wp\/v2\/product_cat?post=361"},{"taxonomy":"product_tag","embeddable":true,"href":"https:\/\/extinpasa.com.br\/v3\/wp-json\/wp\/v2\/product_tag?post=361"}],"curies":[{"name":"wp","href":"https:\/\/api.w.org\/{rel}","templated":true}]}}