{"id":356,"date":"2018-06-25T13:24:18","date_gmt":"2018-06-25T16:24:18","guid":{"rendered":"http:\/\/extinpasa.com.br\/v3\/produto\/barra-anti-panico\/"},"modified":"2018-06-29T22:08:24","modified_gmt":"2018-06-30T02:08:24","slug":"barra-anti-panico","status":"publish","type":"product","link":"https:\/\/extinpasa.com.br\/v3\/produto\/barra-anti-panico\/","title":{"rendered":"BARRA ANTI PANICO"},"content":{"rendered":"<p>Barra Anti P\u00e2nico<\/p>\n<p>Barra Anti P\u00e2nico Simples e Barra Anti P\u00e2nico Dupla<\/p>\n<p>*Consultar modelos de fixa\u00e7\u00e3o para utiliza\u00e7\u00e3o diversas (Vidro, Metal, Madeira, etc)<\/p>\n<p>*Utilizado para sa\u00eddas de emerg\u00eancia em locais de reuni\u00e3o de p\u00fablico acima de 200 pessoas<\/p>\n","protected":false},"excerpt":{"rendered":"<p>Barra Anti P\u00e2nico Simples e Dupla<br \/>\n*Consultar modelos de fixa\u00e7\u00e3o para utiliza\u00e7\u00e3o diversas (Vidro, Metal, Madeira, etc)<\/p>\n","protected":false},"featured_media":806,"template":"","meta":{"_exactmetrics_skip_tracking":false,"_exactmetrics_sitenote_active":false,"_exactmetrics_sitenote_note":"","_exactmetrics_sitenote_category":0},"product_brand":[],"product_cat":[25],"product_tag":[],"class_list":{"0":"post-356","1":"product","2":"type-product","3":"status-publish","4":"has-post-thumbnail","6":"product_cat-acessorios-diversos","8":"first","9":"instock","10":"shipping-taxable","11":"product-type-simple"},"_links":{"self":[{"href":"https:\/\/extinpasa.com.br\/v3\/wp-json\/wp\/v2\/product\/356","targetHints":{"allow":["GET"]}}],"collection":[{"href":"https:\/\/extinpasa.com.br\/v3\/wp-json\/wp\/v2\/product"}],"about":[{"href":"https:\/\/extinpasa.com.br\/v3\/wp-json\/wp\/v2\/types\/product"}],"wp:featuredmedia":[{"embeddable":true,"href":"https:\/\/extinpasa.com.br\/v3\/wp-json\/wp\/v2\/media\/806"}],"wp:attachment":[{"href":"https:\/\/extinpasa.com.br\/v3\/wp-json\/wp\/v2\/media?parent=356"}],"wp:term":[{"taxonomy":"product_brand","embeddable":true,"href":"https:\/\/extinpasa.com.br\/v3\/wp-json\/wp\/v2\/product_brand?post=356"},{"taxonomy":"product_cat","embeddable":true,"href":"https:\/\/extinpasa.com.br\/v3\/wp-json\/wp\/v2\/product_cat?post=356"},{"taxonomy":"product_tag","embeddable":true,"href":"https:\/\/extinpasa.com.br\/v3\/wp-json\/wp\/v2\/product_tag?post=356"}],"curies":[{"name":"wp","href":"https:\/\/api.w.org\/{rel}","templated":true}]}}