{"id":8,"date":"2018-06-25T11:50:47","date_gmt":"2018-06-25T14:50:47","guid":{"rendered":"http:\/\/extinpasa.com.br\/v3\/minha-conta\/"},"modified":"2018-06-29T10:43:34","modified_gmt":"2018-06-29T14:43:34","slug":"minha-conta","status":"publish","type":"page","link":"https:\/\/extinpasa.com.br\/v3\/minha-conta\/","title":{"rendered":"Meu Or\u00e7amento"},"content":{"rendered":"<p class=\"texto_simples14\">A\u00a0<strong>EXTINPASA<\/strong>\u00a0disponibiliza em seu site uma pequena parte dos produtos comercializados em nossa empresa, caso n\u00e3o encontre o produto desejado, favor entrar em contato conosco (<a href=\"http:\/\/extinpasa.com.br\/v3\/contato\/\">clique aqui<\/a>) ou solicite uma visita de um dos nossos vendedores (<a href=\"http:\/\/extinpasa.com.br\/v3\/agendamento-de-visita\/\">clique aqui<\/a>).<\/p>\n<p class=\"texto_simples14\">Os produtos dispon\u00edveis no site s\u00e3o somente para car\u00e1ter informativo, ou seja, nosso site n\u00e3o \u00e9 de venda online. Ap\u00f3s adicionar no &#8220;carrinho&#8221; e finalizar o or\u00e7amento, o or\u00e7amento ser\u00e1 enviado para nossa equipe de vendas que entrar\u00e1 em contato para lhe passar todas as informa\u00e7\u00f5es sobre os produtos juntamento com valores, prazo de entrega e forma de pagamento.<\/p>\n<p class=\"texto_simples14\">Lembramos que n\u00e3o garantimos um estoque m\u00ednimo dos produtos do site, pode ocorrer de um produto estar no site e n\u00e3o estar dispon\u00edvel em nossas lojas.<\/p>\n<hr \/>\n<p>[yith_ywraq_request_quote]<\/p>\n","protected":false},"excerpt":{"rendered":"<p>A\u00a0EXTINPASA\u00a0disponibiliza em seu site uma pequena parte dos produtos comercializados em nossa empresa, caso n\u00e3o encontre o produto desejado, favor entrar em contato conosco (clique aqui) ou solicite uma visita<\/p>\n","protected":false},"author":1,"featured_media":0,"parent":0,"menu_order":0,"comment_status":"closed","ping_status":"closed","template":"template-page-sidebar-right.php","meta":{"_exactmetrics_skip_tracking":false,"_exactmetrics_sitenote_active":false,"_exactmetrics_sitenote_note":"","_exactmetrics_sitenote_category":0,"footnotes":""},"class_list":["post-8","page","type-page","status-publish","hentry"],"_links":{"self":[{"href":"https:\/\/extinpasa.com.br\/v3\/wp-json\/wp\/v2\/pages\/8","targetHints":{"allow":["GET"]}}],"collection":[{"href":"https:\/\/extinpasa.com.br\/v3\/wp-json\/wp\/v2\/pages"}],"about":[{"href":"https:\/\/extinpasa.com.br\/v3\/wp-json\/wp\/v2\/types\/page"}],"author":[{"embeddable":true,"href":"https:\/\/extinpasa.com.br\/v3\/wp-json\/wp\/v2\/users\/1"}],"replies":[{"embeddable":true,"href":"https:\/\/extinpasa.com.br\/v3\/wp-json\/wp\/v2\/comments?post=8"}],"version-history":[{"count":2,"href":"https:\/\/extinpasa.com.br\/v3\/wp-json\/wp\/v2\/pages\/8\/revisions"}],"predecessor-version":[{"id":793,"href":"https:\/\/extinpasa.com.br\/v3\/wp-json\/wp\/v2\/pages\/8\/revisions\/793"}],"wp:attachment":[{"href":"https:\/\/extinpasa.com.br\/v3\/wp-json\/wp\/v2\/media?parent=8"}],"curies":[{"name":"wp","href":"https:\/\/api.w.org\/{rel}","templated":true}]}}