{"id":728,"date":"2018-06-28T14:44:20","date_gmt":"2018-06-28T18:44:20","guid":{"rendered":"http:\/\/extinpasa.com.br\/v3\/?page_id=728"},"modified":"2018-06-28T21:34:05","modified_gmt":"2018-06-29T01:34:05","slug":"agendamento-de-visita","status":"publish","type":"page","link":"https:\/\/extinpasa.com.br\/v3\/agendamento-de-visita\/","title":{"rendered":"Agende uma Visita"},"content":{"rendered":"<noscript class=\"ninja-forms-noscript-message\">\n\tAviso: O JavaScript \u00e9 necess\u00e1rio para esse conte\u00fado.<\/noscript>\n<div id=\"nf-form-3-cont\" class=\"nf-form-cont\" aria-live=\"polite\" aria-labelledby=\"nf-form-title-3\" aria-describedby=\"nf-form-errors-3\" role=\"form\">\n\n    <div class=\"nf-loading-spinner\"><\/div>\n\n<\/div>\n        <!-- That data is being printed as a workaround to page builders reordering the order of the scripts loaded-->\n        <script>var formDisplay=1;var nfForms=nfForms||[];var form=[];form.id='3';form.settings={\"objectType\":\"Form Setting\",\"editActive\":true,\"title\":\"Agendamento\",\"show_title\":0,\"clear_complete\":1,\"hide_complete\":1,\"default_label_pos\":\"above\",\"wrapper_class\":\"\",\"element_class\":\"\",\"key\":\"\",\"add_submit\":0,\"currency\":\"\",\"unique_field_error\":\"A form with this value has already been submitted.\",\"logged_in\":false,\"not_logged_in_msg\":\"\",\"sub_limit_msg\":\"The form has reached its submission limit.\",\"calculations\":[],\"formContentData\":[\"nome_1530211241167\",\"email_1530211224738\",\"telefone_1530211236367\",\"date_1530211259710\",\"melhor_horario_1530211288166\",\"preferencia_por_vendedor_1530211362748\",\"observacoes_1530211353573\",\"submit_1530211333192\",\"recaptcha_1530211277175\"],\"drawerDisabled\":false,\"ninjaForms\":\"Ninja Forms\",\"changeEmailErrorMsg\":\"Digite um endere\\u00e7o de e-mail v\\u00e1lido!\",\"changeDateErrorMsg\":\"Digite uma data v\\u00e1lida!\",\"confirmFieldErrorMsg\":\"Estes campos devem corresponder!\",\"fieldNumberNumMinError\":\"Erro no n\\u00famero m\\u00ednimo\",\"fieldNumberNumMaxError\":\"Erro no n\\u00famero m\\u00e1ximo\",\"fieldNumberIncrementBy\":\"Incremente por \",\"fieldTextareaRTEInsertLink\":\"Insira o Link\",\"fieldTextareaRTEInsertMedia\":\"Inserir m\\u00eddia\",\"fieldTextareaRTESelectAFile\":\"Selecionar Arquivo\",\"formErrorsCorrectErrors\":\"Corrija os erros antes de enviar este formul\\u00e1rio.\",\"formHoneypot\":\"Se voc\\u00ea for um humano, deixe este campo em branco.\",\"validateRequiredField\":\"Este campo \\u00e9 obrigat\\u00f3rio.\",\"honeypotHoneypotError\":\"Erro do Honeypot\",\"fileUploadOldCodeFileUploadInProgress\":\"Upload de arquivo em andamento.\",\"fileUploadOldCodeFileUpload\":\"UPLOAD DE ARQUIVO\",\"currencySymbol\":\"&#36;\",\"fieldsMarkedRequired\":\"Campos marcados com <span class=\\\"ninja-forms-req-symbol\\\">*<\\\/span> s\\u00e3o requeridos\",\"thousands_sep\":\".\",\"decimal_point\":\",\",\"siteLocale\":\"pt_BR\",\"dateFormat\":\"d\\\/m\\\/Y\",\"startOfWeek\":\"0\",\"of\":\"de\",\"previousMonth\":\"M\\u00eas anterior\",\"nextMonth\":\"Pr\\u00f3ximo m\\u00eas\",\"months\":[\"Janeiro\",\"Fevereiro\",\"Mar\\u00e7o\",\"Abril\",\"Maio\",\"Junho\",\"Julho\",\"Agosto\",\"Setembro\",\"Outubro\",\"Novembro\",\"Dezembro\"],\"monthsShort\":[\"Jan\",\"Fev\",\"Mar\",\"Abr\",\"Maio\",\"Jun\",\"Jul\",\"Ago\",\"Set\",\"Out\",\"Nov\",\"Dez\"],\"weekdays\":[\"Domingo\",\"Segunda-feira\",\"Ter\\u00e7a-feira\",\"Quarta-feira\",\"Quinta-feira\",\"Sexta-feira\",\"S\\u00e1bado\"],\"weekdaysShort\":[\"Dom\",\"Seg\",\"Ter\",\"Qua\",\"Qui\",\"Sex\",\"Sat\"],\"weekdaysMin\":[\"Su\",\"Mo\",\"Tu\",\"We\",\"Th\",\"Fr\",\"Sa\"],\"recaptchaConsentMissing\":\"reCaptcha validation couldn&#039;t load.\",\"recaptchaMissingCookie\":\"reCaptcha v3 validation couldn&#039;t load the cookie needed to submit the form.\",\"recaptchaConsentEvent\":\"Accept reCaptcha cookies before sending the form.\",\"embed_form\":\"\",\"currency_symbol\":\"\",\"beforeForm\":\"\",\"beforeFields\":\"\",\"afterFields\":\"\",\"afterForm\":\"\"};form.fields=[{\"objectType\":\"Field\",\"objectDomain\":\"fields\",\"editActive\":false,\"order\":1,\"type\":\"firstname\",\"label\":\"Nome\",\"key\":\"nome_1530211241167\",\"label_pos\":\"above\",\"required\":1,\"default\":\"\",\"placeholder\":\"\",\"container_class\":\"\",\"element_class\":\"\",\"admin_label\":\"\",\"help_text\":\"\",\"custom_name_attribute\":\"fname\",\"personally_identifiable\":1,\"id\":13,\"beforeField\":\"\",\"afterField\":\"\",\"value\":\"\",\"parentType\":\"firstname\",\"element_templates\":[\"firstname\",\"input\"],\"old_classname\":\"\",\"wrap_template\":\"wrap\"},{\"objectType\":\"Field\",\"objectDomain\":\"fields\",\"editActive\":false,\"order\":2,\"type\":\"email\",\"label\":\"E-mail\",\"key\":\"email_1530211224738\",\"label_pos\":\"above\",\"required\":false,\"default\":\"\",\"placeholder\":\"\",\"container_class\":\"\",\"element_class\":\"\",\"admin_label\":\"\",\"help_text\":\"\",\"custom_name_attribute\":\"email\",\"personally_identifiable\":1,\"id\":14,\"beforeField\":\"\",\"afterField\":\"\",\"value\":\"\",\"parentType\":\"email\",\"element_templates\":[\"email\",\"input\"],\"old_classname\":\"\",\"wrap_template\":\"wrap\"},{\"objectType\":\"Field\",\"objectDomain\":\"fields\",\"editActive\":false,\"order\":3,\"type\":\"textbox\",\"label\":\"Telefone\",\"key\":\"telefone_1530211236367\",\"label_pos\":\"above\",\"required\":1,\"default\":\"\",\"placeholder\":\"\",\"container_class\":\"\",\"element_class\":\"\",\"input_limit\":\"\",\"input_limit_type\":\"characters\",\"input_limit_msg\":\"Character(s) left\",\"manual_key\":false,\"admin_label\":\"\",\"help_text\":\"\",\"mask\":\"\",\"custom_mask\":\"\",\"custom_name_attribute\":\"\",\"personally_identifiable\":\"\",\"drawerDisabled\":false,\"id\":15,\"beforeField\":\"\",\"afterField\":\"\",\"value\":\"\",\"parentType\":\"textbox\",\"element_templates\":[\"textbox\",\"input\"],\"old_classname\":\"\",\"wrap_template\":\"wrap\"},{\"objectType\":\"Field\",\"objectDomain\":\"fields\",\"editActive\":false,\"order\":4,\"type\":\"date\",\"label\":\"Data\",\"key\":\"date_1530211259710\",\"label_pos\":\"above\",\"required\":1,\"placeholder\":\"\",\"container_class\":\"\",\"element_class\":\"\",\"manual_key\":false,\"admin_label\":\"\",\"help_text\":\"\",\"date_default\":0,\"date_format\":\"default\",\"year_range_start\":\"\",\"year_range_end\":\"\",\"drawerDisabled\":false,\"hours_options\":\"<option value=\\\"00\\\" >00<\\\/option><option value=\\\"01\\\" >01<\\\/option><option value=\\\"02\\\" >02<\\\/option><option value=\\\"03\\\" >03<\\\/option><option value=\\\"04\\\" >04<\\\/option><option value=\\\"05\\\" >05<\\\/option><option value=\\\"06\\\" >06<\\\/option><option value=\\\"07\\\" >07<\\\/option><option value=\\\"08\\\" >08<\\\/option><option value=\\\"09\\\" >09<\\\/option><option value=\\\"10\\\" >10<\\\/option><option value=\\\"11\\\" >11<\\\/option><option value=\\\"12\\\" >12<\\\/option><option value=\\\"13\\\" >13<\\\/option><option value=\\\"14\\\" >14<\\\/option><option value=\\\"15\\\" >15<\\\/option><option value=\\\"16\\\" >16<\\\/option><option value=\\\"17\\\" >17<\\\/option><option value=\\\"18\\\" >18<\\\/option><option value=\\\"19\\\" >19<\\\/option><option value=\\\"20\\\" >20<\\\/option><option value=\\\"21\\\" >21<\\\/option><option value=\\\"22\\\" >22<\\\/option><option value=\\\"23\\\" >23<\\\/option>\",\"minutes_options\":\"<option value=\\\"00\\\" >00<\\\/option><option value=\\\"01\\\" >01<\\\/option><option value=\\\"02\\\" >02<\\\/option><option value=\\\"03\\\" >03<\\\/option><option value=\\\"04\\\" >04<\\\/option><option value=\\\"05\\\" >05<\\\/option><option value=\\\"06\\\" >06<\\\/option><option value=\\\"07\\\" >07<\\\/option><option value=\\\"08\\\" >08<\\\/option><option value=\\\"09\\\" >09<\\\/option><option value=\\\"10\\\" >10<\\\/option><option value=\\\"11\\\" >11<\\\/option><option value=\\\"12\\\" >12<\\\/option><option value=\\\"13\\\" >13<\\\/option><option value=\\\"14\\\" >14<\\\/option><option value=\\\"15\\\" >15<\\\/option><option value=\\\"16\\\" >16<\\\/option><option value=\\\"17\\\" >17<\\\/option><option value=\\\"18\\\" >18<\\\/option><option value=\\\"19\\\" >19<\\\/option><option value=\\\"20\\\" >20<\\\/option><option value=\\\"21\\\" >21<\\\/option><option value=\\\"22\\\" >22<\\\/option><option value=\\\"23\\\" >23<\\\/option><option value=\\\"24\\\" >24<\\\/option><option value=\\\"25\\\" >25<\\\/option><option value=\\\"26\\\" >26<\\\/option><option value=\\\"27\\\" >27<\\\/option><option value=\\\"28\\\" >28<\\\/option><option value=\\\"29\\\" >29<\\\/option><option value=\\\"30\\\" >30<\\\/option><option value=\\\"31\\\" >31<\\\/option><option value=\\\"32\\\" >32<\\\/option><option value=\\\"33\\\" >33<\\\/option><option value=\\\"34\\\" >34<\\\/option><option value=\\\"35\\\" >35<\\\/option><option value=\\\"36\\\" >36<\\\/option><option value=\\\"37\\\" >37<\\\/option><option value=\\\"38\\\" >38<\\\/option><option value=\\\"39\\\" >39<\\\/option><option value=\\\"40\\\" >40<\\\/option><option value=\\\"41\\\" >41<\\\/option><option value=\\\"42\\\" >42<\\\/option><option value=\\\"43\\\" >43<\\\/option><option value=\\\"44\\\" >44<\\\/option><option value=\\\"45\\\" >45<\\\/option><option value=\\\"46\\\" >46<\\\/option><option value=\\\"47\\\" >47<\\\/option><option value=\\\"48\\\" >48<\\\/option><option value=\\\"49\\\" >49<\\\/option><option value=\\\"50\\\" >50<\\\/option><option value=\\\"51\\\" >51<\\\/option><option value=\\\"52\\\" >52<\\\/option><option value=\\\"53\\\" >53<\\\/option><option value=\\\"54\\\" >54<\\\/option><option value=\\\"55\\\" >55<\\\/option><option value=\\\"56\\\" >56<\\\/option><option value=\\\"57\\\" >57<\\\/option><option value=\\\"58\\\" >58<\\\/option><option value=\\\"59\\\" >59<\\\/option>\",\"id\":16,\"beforeField\":\"\",\"afterField\":\"\",\"value\":\"\",\"parentType\":\"date\",\"element_templates\":[\"date\",\"textbox\",\"input\"],\"old_classname\":\"\",\"wrap_template\":\"wrap\"},{\"objectType\":\"Field\",\"objectDomain\":\"fields\",\"editActive\":false,\"order\":5,\"type\":\"textbox\",\"label\":\"Melhor hor\\u00e1rio\",\"key\":\"melhor_horario_1530211288166\",\"label_pos\":\"above\",\"required\":1,\"default\":\"\",\"placeholder\":\"\",\"container_class\":\"\",\"element_class\":\"\",\"input_limit\":\"\",\"input_limit_type\":\"characters\",\"input_limit_msg\":\"Character(s) left\",\"manual_key\":false,\"admin_label\":\"\",\"help_text\":\"\",\"mask\":\"\",\"custom_mask\":\"\",\"custom_name_attribute\":\"\",\"personally_identifiable\":\"\",\"id\":17,\"beforeField\":\"\",\"afterField\":\"\",\"value\":\"\",\"parentType\":\"textbox\",\"element_templates\":[\"textbox\",\"input\"],\"old_classname\":\"\",\"wrap_template\":\"wrap\"},{\"objectType\":\"Field\",\"objectDomain\":\"fields\",\"editActive\":false,\"order\":6,\"type\":\"textbox\",\"label\":\"Prefer\\u00eancia por Vendedor?\",\"key\":\"preferencia_por_vendedor_1530211362748\",\"label_pos\":\"above\",\"required\":false,\"default\":\"\",\"placeholder\":\"\",\"container_class\":\"\",\"element_class\":\"\",\"input_limit\":\"\",\"input_limit_type\":\"characters\",\"input_limit_msg\":\"Character(s) left\",\"manual_key\":false,\"admin_label\":\"\",\"help_text\":\"\",\"mask\":\"\",\"custom_mask\":\"\",\"custom_name_attribute\":\"\",\"personally_identifiable\":\"\",\"drawerDisabled\":false,\"id\":18,\"beforeField\":\"\",\"afterField\":\"\",\"value\":\"\",\"parentType\":\"textbox\",\"element_templates\":[\"textbox\",\"input\"],\"old_classname\":\"\",\"wrap_template\":\"wrap\"},{\"objectType\":\"Field\",\"objectDomain\":\"fields\",\"editActive\":false,\"order\":7,\"type\":\"textarea\",\"label\":\"Observa\\u00e7\\u00f5es\",\"key\":\"observacoes_1530211353573\",\"label_pos\":\"above\",\"required\":false,\"default\":\"\",\"placeholder\":\"\",\"container_class\":\"\",\"element_class\":\"\",\"input_limit\":\"\",\"input_limit_type\":\"characters\",\"input_limit_msg\":\"Character(s) left\",\"manual_key\":false,\"admin_label\":\"\",\"help_text\":\"\",\"textarea_rte\":\"\",\"disable_rte_mobile\":\"\",\"textarea_media\":\"\",\"id\":19,\"beforeField\":\"\",\"afterField\":\"\",\"value\":\"\",\"parentType\":\"textarea\",\"element_templates\":[\"textarea\",\"input\"],\"old_classname\":\"\",\"wrap_template\":\"wrap\"},{\"objectType\":\"Field\",\"objectDomain\":\"fields\",\"editActive\":false,\"order\":8,\"type\":\"submit\",\"label\":\"Submeter\",\"processing_label\":\"Processando\",\"container_class\":\"\",\"element_class\":\"\",\"key\":\"submit_1530211333192\",\"id\":20,\"beforeField\":\"\",\"afterField\":\"\",\"value\":\"\",\"label_pos\":\"above\",\"parentType\":\"textbox\",\"element_templates\":[\"submit\",\"button\",\"input\"],\"old_classname\":\"\",\"wrap_template\":\"wrap-no-label\"},{\"objectType\":\"Field\",\"objectDomain\":\"fields\",\"editActive\":false,\"order\":9,\"type\":\"recaptcha\",\"label\":\"Recaptcha\",\"container_class\":\"\",\"element_class\":\"\",\"size\":\"visible\",\"key\":\"recaptcha_1530211277175\",\"id\":21,\"beforeField\":\"\",\"afterField\":\"\",\"value\":\"\",\"label_pos\":\"above\",\"parentType\":\"textbox\",\"element_templates\":[\"recaptcha\",\"input\"],\"old_classname\":\"\",\"wrap_template\":\"wrap\",\"site_key\":\"6LeezykTAAAAAJlH512Y5n6xEZGv7I7EQlDpJ_p-\",\"theme\":\"light\",\"lang\":\"pt_br\"}];nfForms.push(form);<\/script>\n        \n","protected":false},"excerpt":{"rendered":"Aviso: O JavaScript \u00e9 necess\u00e1rio para esse conte\u00fado.","protected":false},"author":1,"featured_media":0,"parent":0,"menu_order":0,"comment_status":"closed","ping_status":"closed","template":"template-page-sidebar-right.php","meta":{"_exactmetrics_skip_tracking":false,"_exactmetrics_sitenote_active":false,"_exactmetrics_sitenote_note":"","_exactmetrics_sitenote_category":0,"footnotes":""},"class_list":["post-728","page","type-page","status-publish","hentry"],"_links":{"self":[{"href":"https:\/\/extinpasa.com.br\/v3\/wp-json\/wp\/v2\/pages\/728","targetHints":{"allow":["GET"]}}],"collection":[{"href":"https:\/\/extinpasa.com.br\/v3\/wp-json\/wp\/v2\/pages"}],"about":[{"href":"https:\/\/extinpasa.com.br\/v3\/wp-json\/wp\/v2\/types\/page"}],"author":[{"embeddable":true,"href":"https:\/\/extinpasa.com.br\/v3\/wp-json\/wp\/v2\/users\/1"}],"replies":[{"embeddable":true,"href":"https:\/\/extinpasa.com.br\/v3\/wp-json\/wp\/v2\/comments?post=728"}],"version-history":[{"count":2,"href":"https:\/\/extinpasa.com.br\/v3\/wp-json\/wp\/v2\/pages\/728\/revisions"}],"predecessor-version":[{"id":791,"href":"https:\/\/extinpasa.com.br\/v3\/wp-json\/wp\/v2\/pages\/728\/revisions\/791"}],"wp:attachment":[{"href":"https:\/\/extinpasa.com.br\/v3\/wp-json\/wp\/v2\/media?parent=728"}],"curies":[{"name":"wp","href":"https:\/\/api.w.org\/{rel}","templated":true}]}}